{"id":2468,"date":"2025-05-08T17:23:58","date_gmt":"2025-05-08T15:23:58","guid":{"rendered":"https:\/\/originalmarines-corporate.com\/cms?page_id=2468"},"modified":"2026-03-23T10:11:42","modified_gmt":"2026-03-23T09:11:42","slug":"wearethefuture","status":"publish","type":"page","link":"https:\/\/originalmarines-corporate.com\/cms\/wearethefuture","title":{"rendered":"Il nostro impegno<br> per il futuro"},"content":{"rendered":"<p class=\"appear2 inline-break\"><span class=\"highlight\">I bambini sono il nostro domani.<\/span><br \/>\nPer questo, noi di Original Marines sentiamo una grande responsabilit\u00e0. Perch\u00e9 chi veste un bambino o una bambina, veste il futuro.<\/p>\n<p class=\"appear2 inline-break\"><span class=\"highlight\">Crediamo che i bambini si meritino un mondo sicuro,<\/span><br \/>\ncome i nostri capi. Un mondo di cui sar\u00e0 bello<br \/>\nprendersi cura, quando sar\u00e0 il loro turno.<\/p>\n<p class=\"appear2 inline-break\"><span class=\"highlight\">Per questo, vogliamo essere una forza positiva.<\/span><br \/>\nValorizzare l\u2019unicit\u00e0 di ogni persona e di ogni elemento della natura, ripristinare gli equilibri.<br \/>\nRispettare il mondo in ogni sua parte,<br \/>\nperch\u00e9 sia finalmente un mondo a misura di bambini.<\/p>\n<p class=\"appear2 inline-break\"><span class=\"highlight\">Un mondo a misura di futuro.<\/span><br \/>\nDisegnare un mondo a misura di futuro non pu\u00f2 prescindere da un impegno costante verso la sostenibilit\u00e0, sia sociale che ambientale. \u00c8 proprio per lasciare ai bambini un mondo pi\u00f9 inclusivo, equo e responsabile che abbiamo intrapreso, e continueremo a individuare, iniziative concrete da implementare lungo tutta la catena del valore.<\/p>\n","protected":false},"excerpt":{"rendered":"<p>I bambini sono il nostro domani. Per questo, noi di Original Marines sentiamo una grande responsabilit\u00e0. Perch\u00e9 chi veste un bambino o una bambina, veste il futuro. Crediamo che i bambini si meritino un mondo sicuro, come i nostri capi. Un mondo di cui sar\u00e0 bello prendersi cura, quando sar\u00e0 il loro turno. Per questo, [&hellip;]<\/p>\n","protected":false},"author":95,"featured_media":392,"parent":0,"menu_order":0,"comment_status":"closed","ping_status":"closed","template":"page-sustainability.php","meta":{"footnotes":""},"class_list":["post-2468","page","type-page","status-publish","has-post-thumbnail","hentry"],"_links":{"self":[{"href":"https:\/\/originalmarines-corporate.com\/cms\/wp-json\/wp\/v2\/pages\/2468","targetHints":{"allow":["GET"]}}],"collection":[{"href":"https:\/\/originalmarines-corporate.com\/cms\/wp-json\/wp\/v2\/pages"}],"about":[{"href":"https:\/\/originalmarines-corporate.com\/cms\/wp-json\/wp\/v2\/types\/page"}],"author":[{"embeddable":true,"href":"https:\/\/originalmarines-corporate.com\/cms\/wp-json\/wp\/v2\/users\/95"}],"replies":[{"embeddable":true,"href":"https:\/\/originalmarines-corporate.com\/cms\/wp-json\/wp\/v2\/comments?post=2468"}],"version-history":[{"count":14,"href":"https:\/\/originalmarines-corporate.com\/cms\/wp-json\/wp\/v2\/pages\/2468\/revisions"}],"predecessor-version":[{"id":2500,"href":"https:\/\/originalmarines-corporate.com\/cms\/wp-json\/wp\/v2\/pages\/2468\/revisions\/2500"}],"wp:featuredmedia":[{"embeddable":true,"href":"https:\/\/originalmarines-corporate.com\/cms\/wp-json\/wp\/v2\/media\/392"}],"wp:attachment":[{"href":"https:\/\/originalmarines-corporate.com\/cms\/wp-json\/wp\/v2\/media?parent=2468"}],"curies":[{"name":"wp","href":"https:\/\/api.w.org\/{rel}","templated":true}]}}